{"id":973,"date":"2023-08-22T10:31:28","date_gmt":"2023-08-22T10:31:28","guid":{"rendered":"https:\/\/www.traveldealeuse.com\/?page_id=973"},"modified":"2024-04-30T19:31:36","modified_gmt":"2024-04-30T19:31:36","slug":"concept-travelplanner","status":"publish","type":"page","link":"https:\/\/www.traveldealeuse.com\/index.php\/concept-travelplanner\/","title":{"rendered":"Le concept"},"content":{"rendered":"\t\t<div data-elementor-type=\"wp-post\" data-elementor-id=\"973\" class=\"elementor elementor-973\">\n\t\t\t\t\t\t<section class=\"elementor-section elementor-top-section elementor-element elementor-element-33a79095 elementor-section-boxed elementor-section-height-default elementor-section-height-default\" data-id=\"33a79095\" data-element_type=\"section\" data-e-type=\"section\" data-settings=\"{&quot;background_background&quot;:&quot;classic&quot;}\">\n\t\t\t\t\t\t\t<div class=\"elementor-background-overlay\"><\/div>\n\t\t\t\t\t\t\t<div class=\"elementor-container elementor-column-gap-default\">\n\t\t\t\t\t<div class=\"elementor-column elementor-col-100 elementor-top-column elementor-element elementor-element-3706530d\" data-id=\"3706530d\" data-element_type=\"column\" data-e-type=\"column\">\n\t\t\t<div class=\"elementor-widget-wrap elementor-element-populated\">\n\t\t\t\t\t\t\t<\/div>\n\t\t<\/div>\n\t\t\t\t\t<\/div>\n\t\t<\/section>\n\t\t\t\t<section class=\"elementor-section elementor-top-section elementor-element elementor-element-2dbed9a elementor-section-boxed elementor-section-height-default elementor-section-height-default\" data-id=\"2dbed9a\" data-element_type=\"section\" data-e-type=\"section\">\n\t\t\t\t\t\t<div class=\"elementor-container elementor-column-gap-default\">\n\t\t\t\t\t<div class=\"elementor-column elementor-col-100 elementor-top-column elementor-element elementor-element-1ca627b\" data-id=\"1ca627b\" data-element_type=\"column\" data-e-type=\"column\">\n\t\t\t<div class=\"elementor-widget-wrap elementor-element-populated\">\n\t\t\t\t\t\t<div class=\"elementor-element elementor-element-8dff22f elementor-widget elementor-widget-text-editor\" data-id=\"8dff22f\" data-element_type=\"widget\" data-e-type=\"widget\" data-widget_type=\"text-editor.default\">\n\t\t\t\t\t\t\t\t\t<p><strong>Traveldealeuse<\/strong> vous propose une nouvelle fa\u00e7on de voyager et d&rsquo;organiser vos voyages. Compte tenu qu&rsquo;il s&rsquo;agit d&rsquo;une offre personnalis\u00e9e, je n&rsquo;ai pas de limites, je m&rsquo;adapte \u00e0 vos envies pour concevoir ensemble un voyage unique, \u00e0 votre image.<\/p>\t\t\t\t\t\t\t\t<\/div>\n\t\t\t\t<div class=\"elementor-element elementor-element-432499d elementor-widget-divider--view-line elementor-widget elementor-widget-divider\" data-id=\"432499d\" data-element_type=\"widget\" data-e-type=\"widget\" data-widget_type=\"divider.default\">\n\t\t\t\t\t\t\t<div class=\"elementor-divider\">\n\t\t\t<span class=\"elementor-divider-separator\">\n\t\t\t\t\t\t<\/span>\n\t\t<\/div>\n\t\t\t\t\t\t<\/div>\n\t\t\t\t<div class=\"elementor-element elementor-element-42fd904 elementor-widget elementor-widget-heading\" data-id=\"42fd904\" data-element_type=\"widget\" data-e-type=\"widget\" data-widget_type=\"heading.default\">\n\t\t\t\t\t<h2 class=\"elementor-heading-title elementor-size-default\">comment \u00e7a marche ?<\/h2>\t\t\t\t<\/div>\n\t\t\t\t\t<\/div>\n\t\t<\/div>\n\t\t\t\t\t<\/div>\n\t\t<\/section>\n\t\t\t\t<section class=\"elementor-section elementor-inner-section elementor-element elementor-element-d6c60ea elementor-section-boxed elementor-section-height-default elementor-section-height-default\" data-id=\"d6c60ea\" data-element_type=\"section\" data-e-type=\"section\">\n\t\t\t\t\t\t<div class=\"elementor-container elementor-column-gap-default\">\n\t\t\t\t\t<div class=\"elementor-column elementor-col-50 elementor-inner-column elementor-element elementor-element-f20a204\" data-id=\"f20a204\" data-element_type=\"column\" data-e-type=\"column\">\n\t\t\t<div class=\"elementor-widget-wrap elementor-element-populated\">\n\t\t\t\t\t\t<div class=\"elementor-element elementor-element-bfd172b elementor-widget elementor-widget-image\" data-id=\"bfd172b\" data-element_type=\"widget\" data-e-type=\"widget\" data-widget_type=\"image.default\">\n\t\t\t\t\t\t\t\t\t\t\t\t\t\t\t<img fetchpriority=\"high\" decoding=\"async\" width=\"940\" height=\"788\" src=\"https:\/\/www.traveldealeuse.com\/wp-content\/uploads\/2023\/08\/433D6457-6238-4D7C-B196-83DF733103D9-2.jpg\" class=\"attachment-full size-full wp-image-1096\" alt=\"\" \/>\t\t\t\t\t\t\t\t\t\t\t\t\t\t\t<\/div>\n\t\t\t\t<div class=\"elementor-element elementor-element-d0c44fe elementor-widget elementor-widget-image-box\" data-id=\"d0c44fe\" data-element_type=\"widget\" data-e-type=\"widget\" data-widget_type=\"image-box.default\">\n\t\t\t\t\t<div class=\"elementor-image-box-wrapper\"><div class=\"elementor-image-box-content\"><h5 class=\"elementor-image-box-title\">ETAPE 1<\/h5><p class=\"elementor-image-box-description\">Vous voyagez en famille, entre amis, en couple, seul ...<br>Vous \u00eates aventurier ou plut\u00f4t farniente ...<br>Racontez-moi votre projet afin de me permettre d'en savoir plus sur vos envies et vos go\u00fbts. (Gratuit et sans engagement)<\/p><\/div><\/div>\t\t\t\t<\/div>\n\t\t\t\t<div class=\"elementor-element elementor-element-d2b3c6c elementor-align-center elementor-widget elementor-widget-button\" data-id=\"d2b3c6c\" data-element_type=\"widget\" data-e-type=\"widget\" data-widget_type=\"button.default\">\n\t\t\t\t\t\t\t\t\t\t<a class=\"elementor-button elementor-button-link elementor-size-sm\" href=\"https:\/\/bt655jh6qa6.typeform.com\/to\/OGoWxR18\">\n\t\t\t\t\t\t<span class=\"elementor-button-content-wrapper\">\n\t\t\t\t\t\t\t\t\t<span class=\"elementor-button-text\">questionnaire voyageur<\/span>\n\t\t\t\t\t<\/span>\n\t\t\t\t\t<\/a>\n\t\t\t\t\t\t\t\t<\/div>\n\t\t\t\t\t<\/div>\n\t\t<\/div>\n\t\t\t\t<div class=\"elementor-column elementor-col-50 elementor-inner-column elementor-element elementor-element-bce40d9\" data-id=\"bce40d9\" data-element_type=\"column\" data-e-type=\"column\">\n\t\t\t<div class=\"elementor-widget-wrap elementor-element-populated\">\n\t\t\t\t\t\t<div class=\"elementor-element elementor-element-cce00ea elementor-widget elementor-widget-image\" data-id=\"cce00ea\" data-element_type=\"widget\" data-e-type=\"widget\" data-widget_type=\"image.default\">\n\t\t\t\t\t\t\t\t\t\t\t\t\t\t\t<img decoding=\"async\" width=\"940\" height=\"788\" src=\"https:\/\/www.traveldealeuse.com\/wp-content\/uploads\/2023\/08\/0D5C4171-F020-462B-8950-187E2AA5702D.jpg\" class=\"attachment-full size-full wp-image-1095\" alt=\"\" \/>\t\t\t\t\t\t\t\t\t\t\t\t\t\t\t<\/div>\n\t\t\t\t<div class=\"elementor-element elementor-element-c17baf9 elementor-widget elementor-widget-image-box\" data-id=\"c17baf9\" data-element_type=\"widget\" data-e-type=\"widget\" data-widget_type=\"image-box.default\">\n\t\t\t\t\t<div class=\"elementor-image-box-wrapper\"><div class=\"elementor-image-box-content\"><h5 class=\"elementor-image-box-title\">ETAPE 2<\/h5><p class=\"elementor-image-box-description\">Une fois le projet cern\u00e9, je vous envoie le devis avec le forfait correspondant \u00e0 votre demande tout en respectant votre budget. D\u00e8s le paiement effectu\u00e9, je commence toutes les recherches pour vous.<\/p><\/div><\/div>\t\t\t\t<\/div>\n\t\t\t\t\t<\/div>\n\t\t<\/div>\n\t\t\t\t\t<\/div>\n\t\t<\/section>\n\t\t\t\t<section class=\"elementor-section elementor-inner-section elementor-element elementor-element-3dca23c elementor-section-boxed elementor-section-height-default elementor-section-height-default\" data-id=\"3dca23c\" data-element_type=\"section\" data-e-type=\"section\">\n\t\t\t\t\t\t<div class=\"elementor-container elementor-column-gap-default\">\n\t\t\t\t\t<div class=\"elementor-column elementor-col-50 elementor-inner-column elementor-element elementor-element-f58b4c4\" data-id=\"f58b4c4\" data-element_type=\"column\" data-e-type=\"column\">\n\t\t\t<div class=\"elementor-widget-wrap elementor-element-populated\">\n\t\t\t\t\t\t<div class=\"elementor-element elementor-element-d7fa0e3 elementor-widget elementor-widget-image\" data-id=\"d7fa0e3\" data-element_type=\"widget\" data-e-type=\"widget\" data-widget_type=\"image.default\">\n\t\t\t\t\t\t\t\t\t\t\t\t\t\t\t<img decoding=\"async\" width=\"940\" height=\"788\" src=\"https:\/\/www.traveldealeuse.com\/wp-content\/uploads\/2023\/08\/3E3129CA-0E43-42C2-B3A9-43B6DACB869A-4.jpg\" class=\"attachment-full size-full wp-image-1094\" alt=\"\" \/>\t\t\t\t\t\t\t\t\t\t\t\t\t\t\t<\/div>\n\t\t\t\t<div class=\"elementor-element elementor-element-66bbc4f elementor-widget elementor-widget-image-box\" data-id=\"66bbc4f\" data-element_type=\"widget\" data-e-type=\"widget\" data-widget_type=\"image-box.default\">\n\t\t\t\t\t<div class=\"elementor-image-box-wrapper\"><div class=\"elementor-image-box-content\"><h5 class=\"elementor-image-box-title\">ETAPE 3<\/h5><p class=\"elementor-image-box-description\">Afin de b\u00e9n\u00e9ficier des meilleures tarifs que j'aurais trouv\u00e9 pour votre projet, je vous transmets par email, dans les meilleurs d\u00e9lais, tous les liens pour effectuer vos r\u00e9servations. Il ne vous reste plus qu'a cliquer! (je reste \u00e0 votre disposition si vous souhaitez que je vous accompagne jusqu'\u00e0 la validation de la commande)<\/p><\/div><\/div>\t\t\t\t<\/div>\n\t\t\t\t\t<\/div>\n\t\t<\/div>\n\t\t\t\t<div class=\"elementor-column elementor-col-50 elementor-inner-column elementor-element elementor-element-31ca30b\" data-id=\"31ca30b\" data-element_type=\"column\" data-e-type=\"column\">\n\t\t\t<div class=\"elementor-widget-wrap elementor-element-populated\">\n\t\t\t\t\t\t<div class=\"elementor-element elementor-element-238cce3 elementor-widget elementor-widget-image\" data-id=\"238cce3\" data-element_type=\"widget\" data-e-type=\"widget\" data-widget_type=\"image.default\">\n\t\t\t\t\t\t\t\t\t\t\t\t\t\t\t<img loading=\"lazy\" decoding=\"async\" width=\"940\" height=\"788\" src=\"https:\/\/www.traveldealeuse.com\/wp-content\/uploads\/2023\/08\/ECB37259-C171-466F-98AC-967BC6761820.jpg\" class=\"attachment-full size-full wp-image-1097\" alt=\"\" \/>\t\t\t\t\t\t\t\t\t\t\t\t\t\t\t<\/div>\n\t\t\t\t<div class=\"elementor-element elementor-element-00d7c15 elementor-widget elementor-widget-image-box\" data-id=\"00d7c15\" data-element_type=\"widget\" data-e-type=\"widget\" data-widget_type=\"image-box.default\">\n\t\t\t\t\t<div class=\"elementor-image-box-wrapper\"><div class=\"elementor-image-box-content\"><h5 class=\"elementor-image-box-title\">ETAPE 4<\/h5><p class=\"elementor-image-box-description\">Je vous confectionne un carnet de voyage personnalis\u00e9 que vous recevrez en format pdf (impression optionnel) qui rassemblera toutes des informations utiles \u00e0 votre s\u00e9jour (transport, h\u00e9bergement, bonnes adresses ...) ainsi qu'une carte interactive. Un petit plus pour que vous puissiez voyager sereinement!<\/p><\/div><\/div>\t\t\t\t<\/div>\n\t\t\t\t\t<\/div>\n\t\t<\/div>\n\t\t\t\t\t<\/div>\n\t\t<\/section>\n\t\t<div class=\"elementor-element elementor-element-433ae22 e-flex e-con-boxed e-con e-parent\" data-id=\"433ae22\" data-element_type=\"container\" data-e-type=\"container\">\n\t\t\t\t\t<div class=\"e-con-inner\">\n\t\t\t\t<div class=\"elementor-element elementor-element-6c9a4ab elementor-widget elementor-widget-spacer\" data-id=\"6c9a4ab\" data-element_type=\"widget\" data-e-type=\"widget\" data-widget_type=\"spacer.default\">\n\t\t\t\t\t\t\t<div class=\"elementor-spacer\">\n\t\t\t<div class=\"elementor-spacer-inner\"><\/div>\n\t\t<\/div>\n\t\t\t\t\t\t<\/div>\n\t\t\t\t\t<\/div>\n\t\t\t\t<\/div>\n\t\t\t\t<\/div>\n\t\t","protected":false},"excerpt":{"rendered":"<p>Traveldealeuse vous propose une nouvelle fa\u00e7on de voyager et d&rsquo;organiser vos voyages. Compte tenu qu&rsquo;il s&rsquo;agit d&rsquo;une offre personnalis\u00e9e, je n&rsquo;ai pas de limites, je m&rsquo;adapte \u00e0 vos envies pour concevoir ensemble un voyage unique, \u00e0 votre image. comment \u00e7a marche ? ETAPE 1 Vous voyagez en famille, entre amis, en couple, seul &#8230;Vous \u00eates [&hellip;]<\/p>\n","protected":false},"author":1,"featured_media":0,"parent":0,"menu_order":0,"comment_status":"closed","ping_status":"closed","template":"","meta":{"_uag_custom_page_level_css":"","site-sidebar-layout":"no-sidebar","site-content-layout":"page-builder","ast-site-content-layout":"full-width-container","site-content-style":"unboxed","site-sidebar-style":"unboxed","ast-global-header-display":"","ast-banner-title-visibility":"","ast-main-header-display":"","ast-hfb-above-header-display":"","ast-hfb-below-header-display":"","ast-hfb-mobile-header-display":"","site-post-title":"disabled","ast-breadcrumbs-content":"","ast-featured-img":"disabled","footer-sml-layout":"","theme-transparent-header-meta":"enabled","adv-header-id-meta":"","stick-header-meta":"","header-above-stick-meta":"","header-main-stick-meta":"","header-below-stick-meta":"","astra-migrate-meta-layouts":"set","ast-page-background-enabled":"default","ast-page-background-meta":{"desktop":{"background-color":"","background-image":"","background-repeat":"repeat","background-position":"center center","background-size":"auto","background-attachment":"scroll","background-type":"","background-media":"","overlay-type":"","overlay-color":"","overlay-opacity":"","overlay-gradient":""},"tablet":{"background-color":"","background-image":"","background-repeat":"repeat","background-position":"center center","background-size":"auto","background-attachment":"scroll","background-type":"","background-media":"","overlay-type":"","overlay-color":"","overlay-opacity":"","overlay-gradient":""},"mobile":{"background-color":"","background-image":"","background-repeat":"repeat","background-position":"center center","background-size":"auto","background-attachment":"scroll","background-type":"","background-media":"","overlay-type":"","overlay-color":"","overlay-opacity":"","overlay-gradient":""}},"ast-content-background-meta":{"desktop":{"background-color":"var(--ast-global-color-5)","background-image":"","background-repeat":"repeat","background-position":"center center","background-size":"auto","background-attachment":"scroll","background-type":"","background-media":"","overlay-type":"","overlay-color":"","overlay-opacity":"","overlay-gradient":""},"tablet":{"background-color":"var(--ast-global-color-5)","background-image":"","background-repeat":"repeat","background-position":"center center","background-size":"auto","background-attachment":"scroll","background-type":"","background-media":"","overlay-type":"","overlay-color":"","overlay-opacity":"","overlay-gradient":""},"mobile":{"background-color":"var(--ast-global-color-5)","background-image":"","background-repeat":"repeat","background-position":"center center","background-size":"auto","background-attachment":"scroll","background-type":"","background-media":"","overlay-type":"","overlay-color":"","overlay-opacity":"","overlay-gradient":""}},"footnotes":""},"class_list":["post-973","page","type-page","status-publish","hentry"],"yoast_head":"<!-- This site is optimized with the Yoast SEO plugin v27.3 - https:\/\/yoast.com\/product\/yoast-seo-wordpress\/ -->\n<title>Le concept<\/title>\n<meta name=\"description\" content=\"Conseil en voyage, organisation de votre projet selon vos envies et votre budget tout en vous faisant b\u00e9n\u00e9ficier des meilleurs prix.\" \/>\n<meta name=\"robots\" content=\"index, follow, max-snippet:-1, max-image-preview:large, max-video-preview:-1\" \/>\n<link rel=\"canonical\" href=\"https:\/\/www.traveldealeuse.com\/index.php\/concept-travelplanner\/\" \/>\n<meta property=\"og:locale\" content=\"fr_FR\" \/>\n<meta property=\"og:type\" content=\"article\" \/>\n<meta property=\"og:title\" content=\"Le concept\" \/>\n<meta property=\"og:description\" content=\"Conseil en voyage, organisation de votre projet selon vos envies et votre budget tout en vous faisant b\u00e9n\u00e9ficier des meilleurs prix.\" \/>\n<meta property=\"og:url\" content=\"https:\/\/www.traveldealeuse.com\/index.php\/concept-travelplanner\/\" \/>\n<meta property=\"og:site_name\" content=\"Traveldealeuse\" \/>\n<meta property=\"article:publisher\" content=\"https:\/\/www.facebook.com\/profile.php?id=61550892795514\" \/>\n<meta property=\"article:modified_time\" content=\"2024-04-30T19:31:36+00:00\" \/>\n<meta property=\"og:image\" content=\"https:\/\/www.traveldealeuse.com\/wp-content\/uploads\/2023\/08\/433D6457-6238-4D7C-B196-83DF733103D9-2.jpg\" \/>\n<meta name=\"twitter:card\" content=\"summary_large_image\" \/>\n<meta name=\"twitter:label1\" content=\"Dur\u00e9e de lecture estim\u00e9e\" \/>\n\t<meta name=\"twitter:data1\" content=\"2 minutes\" \/>\n<script type=\"application\/ld+json\" class=\"yoast-schema-graph\">{\"@context\":\"https:\\\/\\\/schema.org\",\"@graph\":[{\"@type\":\"WebPage\",\"@id\":\"https:\\\/\\\/www.traveldealeuse.com\\\/index.php\\\/concept-travelplanner\\\/\",\"url\":\"https:\\\/\\\/www.traveldealeuse.com\\\/index.php\\\/concept-travelplanner\\\/\",\"name\":\"Le concept\",\"isPartOf\":{\"@id\":\"https:\\\/\\\/www.traveldealeuse.com\\\/#website\"},\"primaryImageOfPage\":{\"@id\":\"https:\\\/\\\/www.traveldealeuse.com\\\/index.php\\\/concept-travelplanner\\\/#primaryimage\"},\"image\":{\"@id\":\"https:\\\/\\\/www.traveldealeuse.com\\\/index.php\\\/concept-travelplanner\\\/#primaryimage\"},\"thumbnailUrl\":\"https:\\\/\\\/www.traveldealeuse.com\\\/wp-content\\\/uploads\\\/2023\\\/08\\\/433D6457-6238-4D7C-B196-83DF733103D9-2.jpg\",\"datePublished\":\"2023-08-22T10:31:28+00:00\",\"dateModified\":\"2024-04-30T19:31:36+00:00\",\"description\":\"Conseil en voyage, organisation de votre projet selon vos envies et votre budget tout en vous faisant b\u00e9n\u00e9ficier des meilleurs prix.\",\"breadcrumb\":{\"@id\":\"https:\\\/\\\/www.traveldealeuse.com\\\/index.php\\\/concept-travelplanner\\\/#breadcrumb\"},\"inLanguage\":\"fr-FR\",\"potentialAction\":[{\"@type\":\"ReadAction\",\"target\":[\"https:\\\/\\\/www.traveldealeuse.com\\\/index.php\\\/concept-travelplanner\\\/\"]}]},{\"@type\":\"ImageObject\",\"inLanguage\":\"fr-FR\",\"@id\":\"https:\\\/\\\/www.traveldealeuse.com\\\/index.php\\\/concept-travelplanner\\\/#primaryimage\",\"url\":\"https:\\\/\\\/www.traveldealeuse.com\\\/wp-content\\\/uploads\\\/2023\\\/08\\\/433D6457-6238-4D7C-B196-83DF733103D9-2.jpg\",\"contentUrl\":\"https:\\\/\\\/www.traveldealeuse.com\\\/wp-content\\\/uploads\\\/2023\\\/08\\\/433D6457-6238-4D7C-B196-83DF733103D9-2.jpg\",\"width\":940,\"height\":788},{\"@type\":\"BreadcrumbList\",\"@id\":\"https:\\\/\\\/www.traveldealeuse.com\\\/index.php\\\/concept-travelplanner\\\/#breadcrumb\",\"itemListElement\":[{\"@type\":\"ListItem\",\"position\":1,\"name\":\"Portada\",\"item\":\"https:\\\/\\\/www.traveldealeuse.com\\\/\"},{\"@type\":\"ListItem\",\"position\":2,\"name\":\"Le concept\"}]},{\"@type\":\"WebSite\",\"@id\":\"https:\\\/\\\/www.traveldealeuse.com\\\/#website\",\"url\":\"https:\\\/\\\/www.traveldealeuse.com\\\/\",\"name\":\"Traveldealeuse Travel Planner\",\"description\":\"Traveldealeuse vous propose une nouvelle fa\u00e7on de voyager et d\u2019organiser vos voyages.\",\"publisher\":{\"@id\":\"https:\\\/\\\/www.traveldealeuse.com\\\/#organization\"},\"alternateName\":\"Traveldealeuse\",\"potentialAction\":[{\"@type\":\"SearchAction\",\"target\":{\"@type\":\"EntryPoint\",\"urlTemplate\":\"https:\\\/\\\/www.traveldealeuse.com\\\/?s={search_term_string}\"},\"query-input\":{\"@type\":\"PropertyValueSpecification\",\"valueRequired\":true,\"valueName\":\"search_term_string\"}}],\"inLanguage\":\"fr-FR\"},{\"@type\":\"Organization\",\"@id\":\"https:\\\/\\\/www.traveldealeuse.com\\\/#organization\",\"name\":\"Traveldealeuse\",\"url\":\"https:\\\/\\\/www.traveldealeuse.com\\\/\",\"logo\":{\"@type\":\"ImageObject\",\"inLanguage\":\"fr-FR\",\"@id\":\"https:\\\/\\\/www.traveldealeuse.com\\\/#\\\/schema\\\/logo\\\/image\\\/\",\"url\":\"https:\\\/\\\/www.traveldealeuse.com\\\/wp-content\\\/uploads\\\/2023\\\/10\\\/A260B645-9A73-48D3-B27D-BE0ACE60B45D.png\",\"contentUrl\":\"https:\\\/\\\/www.traveldealeuse.com\\\/wp-content\\\/uploads\\\/2023\\\/10\\\/A260B645-9A73-48D3-B27D-BE0ACE60B45D.png\",\"width\":500,\"height\":500,\"caption\":\"Traveldealeuse\"},\"image\":{\"@id\":\"https:\\\/\\\/www.traveldealeuse.com\\\/#\\\/schema\\\/logo\\\/image\\\/\"},\"sameAs\":[\"https:\\\/\\\/www.facebook.com\\\/profile.php?id=61550892795514\",\"https:\\\/\\\/www.instagram.com\\\/traveldealeuse\"]}]}<\/script>\n<!-- \/ Yoast SEO plugin. -->","yoast_head_json":{"title":"Le concept","description":"Conseil en voyage, organisation de votre projet selon vos envies et votre budget tout en vous faisant b\u00e9n\u00e9ficier des meilleurs prix.","robots":{"index":"index","follow":"follow","max-snippet":"max-snippet:-1","max-image-preview":"max-image-preview:large","max-video-preview":"max-video-preview:-1"},"canonical":"https:\/\/www.traveldealeuse.com\/index.php\/concept-travelplanner\/","og_locale":"fr_FR","og_type":"article","og_title":"Le concept","og_description":"Conseil en voyage, organisation de votre projet selon vos envies et votre budget tout en vous faisant b\u00e9n\u00e9ficier des meilleurs prix.","og_url":"https:\/\/www.traveldealeuse.com\/index.php\/concept-travelplanner\/","og_site_name":"Traveldealeuse","article_publisher":"https:\/\/www.facebook.com\/profile.php?id=61550892795514","article_modified_time":"2024-04-30T19:31:36+00:00","og_image":[{"url":"https:\/\/www.traveldealeuse.com\/wp-content\/uploads\/2023\/08\/433D6457-6238-4D7C-B196-83DF733103D9-2.jpg","type":"","width":"","height":""}],"twitter_card":"summary_large_image","twitter_misc":{"Dur\u00e9e de lecture estim\u00e9e":"2 minutes"},"schema":{"@context":"https:\/\/schema.org","@graph":[{"@type":"WebPage","@id":"https:\/\/www.traveldealeuse.com\/index.php\/concept-travelplanner\/","url":"https:\/\/www.traveldealeuse.com\/index.php\/concept-travelplanner\/","name":"Le concept","isPartOf":{"@id":"https:\/\/www.traveldealeuse.com\/#website"},"primaryImageOfPage":{"@id":"https:\/\/www.traveldealeuse.com\/index.php\/concept-travelplanner\/#primaryimage"},"image":{"@id":"https:\/\/www.traveldealeuse.com\/index.php\/concept-travelplanner\/#primaryimage"},"thumbnailUrl":"https:\/\/www.traveldealeuse.com\/wp-content\/uploads\/2023\/08\/433D6457-6238-4D7C-B196-83DF733103D9-2.jpg","datePublished":"2023-08-22T10:31:28+00:00","dateModified":"2024-04-30T19:31:36+00:00","description":"Conseil en voyage, organisation de votre projet selon vos envies et votre budget tout en vous faisant b\u00e9n\u00e9ficier des meilleurs prix.","breadcrumb":{"@id":"https:\/\/www.traveldealeuse.com\/index.php\/concept-travelplanner\/#breadcrumb"},"inLanguage":"fr-FR","potentialAction":[{"@type":"ReadAction","target":["https:\/\/www.traveldealeuse.com\/index.php\/concept-travelplanner\/"]}]},{"@type":"ImageObject","inLanguage":"fr-FR","@id":"https:\/\/www.traveldealeuse.com\/index.php\/concept-travelplanner\/#primaryimage","url":"https:\/\/www.traveldealeuse.com\/wp-content\/uploads\/2023\/08\/433D6457-6238-4D7C-B196-83DF733103D9-2.jpg","contentUrl":"https:\/\/www.traveldealeuse.com\/wp-content\/uploads\/2023\/08\/433D6457-6238-4D7C-B196-83DF733103D9-2.jpg","width":940,"height":788},{"@type":"BreadcrumbList","@id":"https:\/\/www.traveldealeuse.com\/index.php\/concept-travelplanner\/#breadcrumb","itemListElement":[{"@type":"ListItem","position":1,"name":"Portada","item":"https:\/\/www.traveldealeuse.com\/"},{"@type":"ListItem","position":2,"name":"Le concept"}]},{"@type":"WebSite","@id":"https:\/\/www.traveldealeuse.com\/#website","url":"https:\/\/www.traveldealeuse.com\/","name":"Traveldealeuse Travel Planner","description":"Traveldealeuse vous propose une nouvelle fa\u00e7on de voyager et d\u2019organiser vos voyages.","publisher":{"@id":"https:\/\/www.traveldealeuse.com\/#organization"},"alternateName":"Traveldealeuse","potentialAction":[{"@type":"SearchAction","target":{"@type":"EntryPoint","urlTemplate":"https:\/\/www.traveldealeuse.com\/?s={search_term_string}"},"query-input":{"@type":"PropertyValueSpecification","valueRequired":true,"valueName":"search_term_string"}}],"inLanguage":"fr-FR"},{"@type":"Organization","@id":"https:\/\/www.traveldealeuse.com\/#organization","name":"Traveldealeuse","url":"https:\/\/www.traveldealeuse.com\/","logo":{"@type":"ImageObject","inLanguage":"fr-FR","@id":"https:\/\/www.traveldealeuse.com\/#\/schema\/logo\/image\/","url":"https:\/\/www.traveldealeuse.com\/wp-content\/uploads\/2023\/10\/A260B645-9A73-48D3-B27D-BE0ACE60B45D.png","contentUrl":"https:\/\/www.traveldealeuse.com\/wp-content\/uploads\/2023\/10\/A260B645-9A73-48D3-B27D-BE0ACE60B45D.png","width":500,"height":500,"caption":"Traveldealeuse"},"image":{"@id":"https:\/\/www.traveldealeuse.com\/#\/schema\/logo\/image\/"},"sameAs":["https:\/\/www.facebook.com\/profile.php?id=61550892795514","https:\/\/www.instagram.com\/traveldealeuse"]}]}},"uagb_featured_image_src":{"full":false,"thumbnail":false,"medium":false,"medium_large":false,"large":false,"1536x1536":false,"2048x2048":false,"trp-custom-language-flag":false},"uagb_author_info":{"display_name":"asobron","author_link":"https:\/\/www.traveldealeuse.com\/index.php\/author\/asobron\/"},"uagb_comment_info":0,"uagb_excerpt":"Traveldealeuse vous propose une nouvelle fa\u00e7on de voyager et d&rsquo;organiser vos voyages. Compte tenu qu&rsquo;il s&rsquo;agit d&rsquo;une offre personnalis\u00e9e, je n&rsquo;ai pas de limites, je m&rsquo;adapte \u00e0 vos envies pour concevoir ensemble un voyage unique, \u00e0 votre image. comment \u00e7a marche ? ETAPE 1 Vous voyagez en famille, entre amis, en couple, seul &#8230;Vous \u00eates\u2026","jetpack_sharing_enabled":true,"_links":{"self":[{"href":"https:\/\/www.traveldealeuse.com\/index.php\/wp-json\/wp\/v2\/pages\/973","targetHints":{"allow":["GET"]}}],"collection":[{"href":"https:\/\/www.traveldealeuse.com\/index.php\/wp-json\/wp\/v2\/pages"}],"about":[{"href":"https:\/\/www.traveldealeuse.com\/index.php\/wp-json\/wp\/v2\/types\/page"}],"author":[{"embeddable":true,"href":"https:\/\/www.traveldealeuse.com\/index.php\/wp-json\/wp\/v2\/users\/1"}],"replies":[{"embeddable":true,"href":"https:\/\/www.traveldealeuse.com\/index.php\/wp-json\/wp\/v2\/comments?post=973"}],"version-history":[{"count":54,"href":"https:\/\/www.traveldealeuse.com\/index.php\/wp-json\/wp\/v2\/pages\/973\/revisions"}],"predecessor-version":[{"id":1321,"href":"https:\/\/www.traveldealeuse.com\/index.php\/wp-json\/wp\/v2\/pages\/973\/revisions\/1321"}],"wp:attachment":[{"href":"https:\/\/www.traveldealeuse.com\/index.php\/wp-json\/wp\/v2\/media?parent=973"}],"curies":[{"name":"wp","href":"https:\/\/api.w.org\/{rel}","templated":true}]}}