{"id":599,"date":"2018-11-27T09:17:42","date_gmt":"2018-11-27T09:17:42","guid":{"rendered":"https:\/\/www.traveldealeuse.com\/index.php\/projects\/"},"modified":"2023-11-02T10:54:19","modified_gmt":"2023-11-02T10:54:19","slug":"presentation-traveldealeuse","status":"publish","type":"page","link":"https:\/\/www.traveldealeuse.com\/index.php\/presentation-traveldealeuse\/","title":{"rendered":"Qui suis-je?"},"content":{"rendered":"\t\t<div data-elementor-type=\"wp-post\" data-elementor-id=\"599\" class=\"elementor elementor-599\">\n\t\t\t\t\t\t<section class=\"elementor-section elementor-top-section elementor-element elementor-element-7ac9ca5 elementor-section-boxed elementor-section-height-default elementor-section-height-default\" data-id=\"7ac9ca5\" data-element_type=\"section\" data-e-type=\"section\" data-settings=\"{&quot;background_background&quot;:&quot;classic&quot;}\">\n\t\t\t\t\t\t\t<div class=\"elementor-background-overlay\"><\/div>\n\t\t\t\t\t\t\t<div class=\"elementor-container elementor-column-gap-default\">\n\t\t\t\t\t<div class=\"elementor-column elementor-col-100 elementor-top-column elementor-element elementor-element-90988fe\" data-id=\"90988fe\" data-element_type=\"column\" data-e-type=\"column\">\n\t\t\t<div class=\"elementor-widget-wrap elementor-element-populated\">\n\t\t\t\t\t\t\t<\/div>\n\t\t<\/div>\n\t\t\t\t\t<\/div>\n\t\t<\/section>\n\t\t\t\t<section class=\"elementor-section elementor-top-section elementor-element elementor-element-8262e30 elementor-section-content-middle elementor-section-boxed elementor-section-height-default elementor-section-height-default\" data-id=\"8262e30\" data-element_type=\"section\" data-e-type=\"section\">\n\t\t\t\t\t\t\t<div class=\"elementor-background-overlay\"><\/div>\n\t\t\t\t\t\t\t<div class=\"elementor-container elementor-column-gap-no\">\n\t\t\t\t\t<div class=\"elementor-column elementor-col-100 elementor-top-column elementor-element elementor-element-da6ae65\" data-id=\"da6ae65\" data-element_type=\"column\" data-e-type=\"column\">\n\t\t\t<div class=\"elementor-widget-wrap elementor-element-populated\">\n\t\t\t\t\t\t<div class=\"elementor-element elementor-element-b0fabca elementor-widget elementor-widget-image-box\" data-id=\"b0fabca\" data-element_type=\"widget\" data-e-type=\"widget\" data-widget_type=\"image-box.default\">\n\t\t\t\t\t<div class=\"elementor-image-box-wrapper\"><div class=\"elementor-image-box-content\"><h2 class=\"elementor-image-box-title\">En quelques mots...<\/h2><\/div><\/div>\t\t\t\t<\/div>\n\t\t\t\t<div class=\"elementor-element elementor-element-9551936 elementor-widget-divider--view-line_text elementor-widget-divider--element-align-left elementor-widget elementor-widget-divider\" data-id=\"9551936\" data-element_type=\"widget\" data-e-type=\"widget\" data-widget_type=\"divider.default\">\n\t\t\t\t\t\t\t<div class=\"elementor-divider\">\n\t\t\t<span class=\"elementor-divider-separator\">\n\t\t\t\t\t\t<\/span>\n\t\t<\/div>\n\t\t\t\t\t\t<\/div>\n\t\t\t\t<div class=\"elementor-element elementor-element-b7e6f61 elementor-widget elementor-widget-text-editor\" data-id=\"b7e6f61\" data-element_type=\"widget\" data-e-type=\"widget\" data-widget_type=\"text-editor.default\">\n\t\t\t\t\t\t\t\t\t<p>Hola Hola! Moi c&rsquo;est Agurtzane, mais tout le monde m&rsquo;appelle Agur \ud83d\ude09<\/p><p>J&rsquo;ai 43 ans et je suis originaire du Pays Basque mais je vis en Suisse depuis presque 16 ans.<\/p>\t\t\t\t\t\t\t\t<\/div>\n\t\t\t\t<div class=\"elementor-element elementor-element-85be7d5 elementor-widget elementor-widget-text-editor\" data-id=\"85be7d5\" data-element_type=\"widget\" data-e-type=\"widget\" data-widget_type=\"text-editor.default\">\n\t\t\t\t\t\t\t\t\t<p>Globe-trotteuse dans l&rsquo;\u00e2me (vous trouverez mon compte priv\u00e9 Instagram sous le nom de&nbsp;<a href=\"https:\/\/instagram.com\/mademoiselle_agur?igshid=YTQwZjQ0NmI0OA%3D%3D&amp;utm_source=qr\" target=\"_blank\">@mademoiselle_agur<\/a>), j&rsquo;adore prendre le temps pour pr\u00e9parer mes voyages et d\u00e9nicher des belles adresses au meilleur prix.<\/p>\t\t\t\t\t\t\t\t<\/div>\n\t\t\t\t<div class=\"elementor-element elementor-element-106239c elementor-widget elementor-widget-text-editor\" data-id=\"106239c\" data-element_type=\"widget\" data-e-type=\"widget\" data-widget_type=\"text-editor.default\">\n\t\t\t\t\t\t\t\t\t<p>Apr\u00e8s avoir aid\u00e9 mon entourage durant plusieurs ann\u00e9es, et suite \u00e0 leurs encouragements, j&rsquo;ai d\u00e9cid\u00e9 de franchir le pas. C&rsquo;est pour cela qu&rsquo;aujourd&rsquo;hui <strong>Traveldealeuse<\/strong> est l\u00e0 pour vous aider \u00e0 organiser vos voyages, mieux encore! Le faire \u00e0 votre place \ud83d\ude09<\/p>\t\t\t\t\t\t\t\t<\/div>\n\t\t\t\t<div class=\"elementor-element elementor-element-fe9d0b6 elementor-widget elementor-widget-text-editor\" data-id=\"fe9d0b6\" data-element_type=\"widget\" data-e-type=\"widget\" data-widget_type=\"text-editor.default\">\n\t\t\t\t\t\t\t\t\t<p>N&rsquo;h\u00e9sitez pas \u00e0 me faire part de votre projet, je serais ravie de vous aider \u00e0 le concr\u00e9tiser.<\/p>\t\t\t\t\t\t\t\t<\/div>\n\t\t\t\t<div class=\"elementor-element elementor-element-6fecb3a elementor-pagination-position-outside elementor-widget elementor-widget-image-carousel\" data-id=\"6fecb3a\" data-element_type=\"widget\" data-e-type=\"widget\" data-settings=\"{&quot;slides_to_show&quot;:&quot;5&quot;,&quot;slides_to_scroll&quot;:&quot;1&quot;,&quot;navigation&quot;:&quot;dots&quot;,&quot;slides_to_show_tablet&quot;:&quot;2&quot;,&quot;slides_to_show_mobile&quot;:&quot;1&quot;,&quot;autoplay&quot;:&quot;no&quot;,&quot;infinite&quot;:&quot;yes&quot;,&quot;speed&quot;:500,&quot;image_spacing_custom&quot;:{&quot;unit&quot;:&quot;px&quot;,&quot;size&quot;:20,&quot;sizes&quot;:[]},&quot;image_spacing_custom_tablet&quot;:{&quot;unit&quot;:&quot;px&quot;,&quot;size&quot;:&quot;&quot;,&quot;sizes&quot;:[]}}\" data-widget_type=\"image-carousel.default\">\n\t\t\t\t\t\t\t<div class=\"elementor-image-carousel-wrapper swiper\" role=\"region\" aria-roledescription=\"carousel\" aria-label=\"Carrousel d\u2019images\" dir=\"ltr\">\n\t\t\t<div class=\"elementor-image-carousel swiper-wrapper swiper-image-stretch\" aria-live=\"polite\">\n\t\t\t\t\t\t\t\t<div class=\"swiper-slide\" role=\"group\" aria-roledescription=\"slide\" aria-label=\"1 sur 5\"><figure class=\"swiper-slide-inner\"><img decoding=\"async\" class=\"swiper-slide-image\" src=\"https:\/\/www.traveldealeuse.com\/wp-content\/uploads\/2023\/08\/2D516CF9-1765-445B-8AF1-A2096860956C.jpeg\" alt=\"2D516CF9-1765-445B-8AF1-A2096860956C\" \/><\/figure><\/div><div class=\"swiper-slide\" role=\"group\" aria-roledescription=\"slide\" aria-label=\"2 sur 5\"><figure class=\"swiper-slide-inner\"><img decoding=\"async\" class=\"swiper-slide-image\" src=\"https:\/\/www.traveldealeuse.com\/wp-content\/uploads\/2023\/08\/AF8F6EBC-989E-44CC-AFAB-A77CA9D0419C.jpeg\" alt=\"AF8F6EBC-989E-44CC-AFAB-A77CA9D0419C\" \/><\/figure><\/div><div class=\"swiper-slide\" role=\"group\" aria-roledescription=\"slide\" aria-label=\"3 sur 5\"><figure class=\"swiper-slide-inner\"><img decoding=\"async\" class=\"swiper-slide-image\" src=\"https:\/\/www.traveldealeuse.com\/wp-content\/uploads\/2023\/08\/F2338EF0-CACB-4EDF-8ADD-420C606D04E0.jpeg\" alt=\"F2338EF0-CACB-4EDF-8ADD-420C606D04E0\" \/><\/figure><\/div><div class=\"swiper-slide\" role=\"group\" aria-roledescription=\"slide\" aria-label=\"4 sur 5\"><figure class=\"swiper-slide-inner\"><img decoding=\"async\" class=\"swiper-slide-image\" src=\"https:\/\/www.traveldealeuse.com\/wp-content\/uploads\/2023\/08\/A3205944-9077-4457-B41D-F64AC61E97C4.jpg\" alt=\"A3205944-9077-4457-B41D-F64AC61E97C4\" \/><\/figure><\/div><div class=\"swiper-slide\" role=\"group\" aria-roledescription=\"slide\" aria-label=\"5 sur 5\"><figure class=\"swiper-slide-inner\"><img decoding=\"async\" class=\"swiper-slide-image\" src=\"https:\/\/www.traveldealeuse.com\/wp-content\/uploads\/2023\/08\/429C7293-BBE0-41CA-A3D4-88DCDCA7988F.jpg\" alt=\"429C7293-BBE0-41CA-A3D4-88DCDCA7988F\" \/><\/figure><\/div>\t\t\t<\/div>\n\t\t\t\t\t\t\t\n\t\t\t\t\t\t\t\t\t<div class=\"swiper-pagination\"><\/div>\n\t\t\t\t\t\t\t\t\t<\/div>\n\t\t\t\t\t\t<\/div>\n\t\t\t\t\t<\/div>\n\t\t<\/div>\n\t\t\t\t\t<\/div>\n\t\t<\/section>\n\t\t\t\t<\/div>\n\t\t","protected":false},"excerpt":{"rendered":"<p>En quelques mots&#8230; Hola Hola! Moi c&rsquo;est Agurtzane, mais tout le monde m&rsquo;appelle Agur \ud83d\ude09 J&rsquo;ai 43 ans et je suis originaire du Pays Basque mais je vis en Suisse depuis presque 16 ans. Globe-trotteuse dans l&rsquo;\u00e2me (vous trouverez mon compte priv\u00e9 Instagram sous le nom de&nbsp;@mademoiselle_agur), j&rsquo;adore prendre le temps pour pr\u00e9parer mes voyages [&hellip;]<\/p>\n","protected":false},"author":1,"featured_media":0,"parent":0,"menu_order":0,"comment_status":"closed","ping_status":"closed","template":"","meta":{"_uag_custom_page_level_css":"","site-sidebar-layout":"no-sidebar","site-content-layout":"page-builder","ast-site-content-layout":"full-width-container","site-content-style":"unboxed","site-sidebar-style":"unboxed","ast-global-header-display":"","ast-banner-title-visibility":"","ast-main-header-display":"","ast-hfb-above-header-display":"","ast-hfb-below-header-display":"","ast-hfb-mobile-header-display":"","site-post-title":"disabled","ast-breadcrumbs-content":"","ast-featured-img":"disabled","footer-sml-layout":"","theme-transparent-header-meta":"enabled","adv-header-id-meta":"","stick-header-meta":"","header-above-stick-meta":"","header-main-stick-meta":"","header-below-stick-meta":"","astra-migrate-meta-layouts":"set","ast-page-background-enabled":"default","ast-page-background-meta":{"desktop":{"background-color":"","background-image":"","background-repeat":"repeat","background-position":"center center","background-size":"auto","background-attachment":"scroll","background-type":"","background-media":"","overlay-type":"","overlay-color":"","overlay-opacity":"","overlay-gradient":""},"tablet":{"background-color":"","background-image":"","background-repeat":"repeat","background-position":"center center","background-size":"auto","background-attachment":"scroll","background-type":"","background-media":"","overlay-type":"","overlay-color":"","overlay-opacity":"","overlay-gradient":""},"mobile":{"background-color":"","background-image":"","background-repeat":"repeat","background-position":"center center","background-size":"auto","background-attachment":"scroll","background-type":"","background-media":"","overlay-type":"","overlay-color":"","overlay-opacity":"","overlay-gradient":""}},"ast-content-background-meta":{"desktop":{"background-color":"var(--ast-global-color-5)","background-image":"","background-repeat":"repeat","background-position":"center center","background-size":"auto","background-attachment":"scroll","background-type":"","background-media":"","overlay-type":"","overlay-color":"","overlay-opacity":"","overlay-gradient":""},"tablet":{"background-color":"var(--ast-global-color-5)","background-image":"","background-repeat":"repeat","background-position":"center center","background-size":"auto","background-attachment":"scroll","background-type":"","background-media":"","overlay-type":"","overlay-color":"","overlay-opacity":"","overlay-gradient":""},"mobile":{"background-color":"var(--ast-global-color-5)","background-image":"","background-repeat":"repeat","background-position":"center center","background-size":"auto","background-attachment":"scroll","background-type":"","background-media":"","overlay-type":"","overlay-color":"","overlay-opacity":"","overlay-gradient":""}},"footnotes":""},"class_list":["post-599","page","type-page","status-publish","hentry"],"yoast_head":"<!-- This site is optimized with the Yoast SEO plugin v27.3 - https:\/\/yoast.com\/product\/yoast-seo-wordpress\/ -->\n<title>Qui suis-je?<\/title>\n<meta name=\"description\" content=\"Hola hola! Moi c&#039;est Agurtzane, mais tout le monde m&#039;appelle Agur ;) J&#039;ai 43 ans et je suis originaire du Pays Basque mais je vis en Suisse\" \/>\n<meta name=\"robots\" content=\"index, follow, max-snippet:-1, max-image-preview:large, max-video-preview:-1\" \/>\n<link rel=\"canonical\" href=\"https:\/\/www.traveldealeuse.com\/index.php\/presentation-traveldealeuse\/\" \/>\n<meta property=\"og:locale\" content=\"fr_FR\" \/>\n<meta property=\"og:type\" content=\"article\" \/>\n<meta property=\"og:title\" content=\"Qui suis-je?\" \/>\n<meta property=\"og:description\" content=\"Hola hola! Moi c&#039;est Agurtzane, mais tout le monde m&#039;appelle Agur ;) J&#039;ai 43 ans et je suis originaire du Pays Basque mais je vis en Suisse\" \/>\n<meta property=\"og:url\" content=\"https:\/\/www.traveldealeuse.com\/index.php\/presentation-traveldealeuse\/\" \/>\n<meta property=\"og:site_name\" content=\"Traveldealeuse\" \/>\n<meta property=\"article:publisher\" content=\"https:\/\/www.facebook.com\/profile.php?id=61550892795514\" \/>\n<meta property=\"article:modified_time\" content=\"2023-11-02T10:54:19+00:00\" \/>\n<meta property=\"og:image\" content=\"https:\/\/www.traveldealeuse.com\/wp-content\/uploads\/2023\/08\/2D516CF9-1765-445B-8AF1-A2096860956C.jpeg\" \/>\n<meta name=\"twitter:card\" content=\"summary_large_image\" \/>\n<meta name=\"twitter:label1\" content=\"Dur\u00e9e de lecture estim\u00e9e\" \/>\n\t<meta name=\"twitter:data1\" content=\"2 minutes\" \/>\n<script type=\"application\/ld+json\" class=\"yoast-schema-graph\">{\"@context\":\"https:\\\/\\\/schema.org\",\"@graph\":[{\"@type\":\"WebPage\",\"@id\":\"https:\\\/\\\/www.traveldealeuse.com\\\/index.php\\\/presentation-traveldealeuse\\\/\",\"url\":\"https:\\\/\\\/www.traveldealeuse.com\\\/index.php\\\/presentation-traveldealeuse\\\/\",\"name\":\"Qui suis-je?\",\"isPartOf\":{\"@id\":\"https:\\\/\\\/www.traveldealeuse.com\\\/#website\"},\"primaryImageOfPage\":{\"@id\":\"https:\\\/\\\/www.traveldealeuse.com\\\/index.php\\\/presentation-traveldealeuse\\\/#primaryimage\"},\"image\":{\"@id\":\"https:\\\/\\\/www.traveldealeuse.com\\\/index.php\\\/presentation-traveldealeuse\\\/#primaryimage\"},\"thumbnailUrl\":\"https:\\\/\\\/www.traveldealeuse.com\\\/wp-content\\\/uploads\\\/2023\\\/08\\\/2D516CF9-1765-445B-8AF1-A2096860956C.jpeg\",\"datePublished\":\"2018-11-27T09:17:42+00:00\",\"dateModified\":\"2023-11-02T10:54:19+00:00\",\"description\":\"Hola hola! Moi c'est Agurtzane, mais tout le monde m'appelle Agur ;) J'ai 43 ans et je suis originaire du Pays Basque mais je vis en Suisse\",\"breadcrumb\":{\"@id\":\"https:\\\/\\\/www.traveldealeuse.com\\\/index.php\\\/presentation-traveldealeuse\\\/#breadcrumb\"},\"inLanguage\":\"fr-FR\",\"potentialAction\":[{\"@type\":\"ReadAction\",\"target\":[\"https:\\\/\\\/www.traveldealeuse.com\\\/index.php\\\/presentation-traveldealeuse\\\/\"]}]},{\"@type\":\"ImageObject\",\"inLanguage\":\"fr-FR\",\"@id\":\"https:\\\/\\\/www.traveldealeuse.com\\\/index.php\\\/presentation-traveldealeuse\\\/#primaryimage\",\"url\":\"https:\\\/\\\/www.traveldealeuse.com\\\/wp-content\\\/uploads\\\/2023\\\/08\\\/2D516CF9-1765-445B-8AF1-A2096860956C.jpeg\",\"contentUrl\":\"https:\\\/\\\/www.traveldealeuse.com\\\/wp-content\\\/uploads\\\/2023\\\/08\\\/2D516CF9-1765-445B-8AF1-A2096860956C.jpeg\",\"width\":1512,\"height\":2016},{\"@type\":\"BreadcrumbList\",\"@id\":\"https:\\\/\\\/www.traveldealeuse.com\\\/index.php\\\/presentation-traveldealeuse\\\/#breadcrumb\",\"itemListElement\":[{\"@type\":\"ListItem\",\"position\":1,\"name\":\"Portada\",\"item\":\"https:\\\/\\\/www.traveldealeuse.com\\\/\"},{\"@type\":\"ListItem\",\"position\":2,\"name\":\"Qui suis-je?\"}]},{\"@type\":\"WebSite\",\"@id\":\"https:\\\/\\\/www.traveldealeuse.com\\\/#website\",\"url\":\"https:\\\/\\\/www.traveldealeuse.com\\\/\",\"name\":\"Traveldealeuse Travel Planner\",\"description\":\"Traveldealeuse vous propose une nouvelle fa\u00e7on de voyager et d\u2019organiser vos voyages.\",\"publisher\":{\"@id\":\"https:\\\/\\\/www.traveldealeuse.com\\\/#organization\"},\"alternateName\":\"Traveldealeuse\",\"potentialAction\":[{\"@type\":\"SearchAction\",\"target\":{\"@type\":\"EntryPoint\",\"urlTemplate\":\"https:\\\/\\\/www.traveldealeuse.com\\\/?s={search_term_string}\"},\"query-input\":{\"@type\":\"PropertyValueSpecification\",\"valueRequired\":true,\"valueName\":\"search_term_string\"}}],\"inLanguage\":\"fr-FR\"},{\"@type\":\"Organization\",\"@id\":\"https:\\\/\\\/www.traveldealeuse.com\\\/#organization\",\"name\":\"Traveldealeuse\",\"url\":\"https:\\\/\\\/www.traveldealeuse.com\\\/\",\"logo\":{\"@type\":\"ImageObject\",\"inLanguage\":\"fr-FR\",\"@id\":\"https:\\\/\\\/www.traveldealeuse.com\\\/#\\\/schema\\\/logo\\\/image\\\/\",\"url\":\"https:\\\/\\\/www.traveldealeuse.com\\\/wp-content\\\/uploads\\\/2023\\\/10\\\/A260B645-9A73-48D3-B27D-BE0ACE60B45D.png\",\"contentUrl\":\"https:\\\/\\\/www.traveldealeuse.com\\\/wp-content\\\/uploads\\\/2023\\\/10\\\/A260B645-9A73-48D3-B27D-BE0ACE60B45D.png\",\"width\":500,\"height\":500,\"caption\":\"Traveldealeuse\"},\"image\":{\"@id\":\"https:\\\/\\\/www.traveldealeuse.com\\\/#\\\/schema\\\/logo\\\/image\\\/\"},\"sameAs\":[\"https:\\\/\\\/www.facebook.com\\\/profile.php?id=61550892795514\",\"https:\\\/\\\/www.instagram.com\\\/traveldealeuse\"]}]}<\/script>\n<!-- \/ Yoast SEO plugin. -->","yoast_head_json":{"title":"Qui suis-je?","description":"Hola hola! Moi c'est Agurtzane, mais tout le monde m'appelle Agur ;) J'ai 43 ans et je suis originaire du Pays Basque mais je vis en Suisse","robots":{"index":"index","follow":"follow","max-snippet":"max-snippet:-1","max-image-preview":"max-image-preview:large","max-video-preview":"max-video-preview:-1"},"canonical":"https:\/\/www.traveldealeuse.com\/index.php\/presentation-traveldealeuse\/","og_locale":"fr_FR","og_type":"article","og_title":"Qui suis-je?","og_description":"Hola hola! Moi c'est Agurtzane, mais tout le monde m'appelle Agur ;) J'ai 43 ans et je suis originaire du Pays Basque mais je vis en Suisse","og_url":"https:\/\/www.traveldealeuse.com\/index.php\/presentation-traveldealeuse\/","og_site_name":"Traveldealeuse","article_publisher":"https:\/\/www.facebook.com\/profile.php?id=61550892795514","article_modified_time":"2023-11-02T10:54:19+00:00","og_image":[{"url":"https:\/\/www.traveldealeuse.com\/wp-content\/uploads\/2023\/08\/2D516CF9-1765-445B-8AF1-A2096860956C.jpeg","type":"","width":"","height":""}],"twitter_card":"summary_large_image","twitter_misc":{"Dur\u00e9e de lecture estim\u00e9e":"2 minutes"},"schema":{"@context":"https:\/\/schema.org","@graph":[{"@type":"WebPage","@id":"https:\/\/www.traveldealeuse.com\/index.php\/presentation-traveldealeuse\/","url":"https:\/\/www.traveldealeuse.com\/index.php\/presentation-traveldealeuse\/","name":"Qui suis-je?","isPartOf":{"@id":"https:\/\/www.traveldealeuse.com\/#website"},"primaryImageOfPage":{"@id":"https:\/\/www.traveldealeuse.com\/index.php\/presentation-traveldealeuse\/#primaryimage"},"image":{"@id":"https:\/\/www.traveldealeuse.com\/index.php\/presentation-traveldealeuse\/#primaryimage"},"thumbnailUrl":"https:\/\/www.traveldealeuse.com\/wp-content\/uploads\/2023\/08\/2D516CF9-1765-445B-8AF1-A2096860956C.jpeg","datePublished":"2018-11-27T09:17:42+00:00","dateModified":"2023-11-02T10:54:19+00:00","description":"Hola hola! Moi c'est Agurtzane, mais tout le monde m'appelle Agur ;) J'ai 43 ans et je suis originaire du Pays Basque mais je vis en Suisse","breadcrumb":{"@id":"https:\/\/www.traveldealeuse.com\/index.php\/presentation-traveldealeuse\/#breadcrumb"},"inLanguage":"fr-FR","potentialAction":[{"@type":"ReadAction","target":["https:\/\/www.traveldealeuse.com\/index.php\/presentation-traveldealeuse\/"]}]},{"@type":"ImageObject","inLanguage":"fr-FR","@id":"https:\/\/www.traveldealeuse.com\/index.php\/presentation-traveldealeuse\/#primaryimage","url":"https:\/\/www.traveldealeuse.com\/wp-content\/uploads\/2023\/08\/2D516CF9-1765-445B-8AF1-A2096860956C.jpeg","contentUrl":"https:\/\/www.traveldealeuse.com\/wp-content\/uploads\/2023\/08\/2D516CF9-1765-445B-8AF1-A2096860956C.jpeg","width":1512,"height":2016},{"@type":"BreadcrumbList","@id":"https:\/\/www.traveldealeuse.com\/index.php\/presentation-traveldealeuse\/#breadcrumb","itemListElement":[{"@type":"ListItem","position":1,"name":"Portada","item":"https:\/\/www.traveldealeuse.com\/"},{"@type":"ListItem","position":2,"name":"Qui suis-je?"}]},{"@type":"WebSite","@id":"https:\/\/www.traveldealeuse.com\/#website","url":"https:\/\/www.traveldealeuse.com\/","name":"Traveldealeuse Travel Planner","description":"Traveldealeuse vous propose une nouvelle fa\u00e7on de voyager et d\u2019organiser vos voyages.","publisher":{"@id":"https:\/\/www.traveldealeuse.com\/#organization"},"alternateName":"Traveldealeuse","potentialAction":[{"@type":"SearchAction","target":{"@type":"EntryPoint","urlTemplate":"https:\/\/www.traveldealeuse.com\/?s={search_term_string}"},"query-input":{"@type":"PropertyValueSpecification","valueRequired":true,"valueName":"search_term_string"}}],"inLanguage":"fr-FR"},{"@type":"Organization","@id":"https:\/\/www.traveldealeuse.com\/#organization","name":"Traveldealeuse","url":"https:\/\/www.traveldealeuse.com\/","logo":{"@type":"ImageObject","inLanguage":"fr-FR","@id":"https:\/\/www.traveldealeuse.com\/#\/schema\/logo\/image\/","url":"https:\/\/www.traveldealeuse.com\/wp-content\/uploads\/2023\/10\/A260B645-9A73-48D3-B27D-BE0ACE60B45D.png","contentUrl":"https:\/\/www.traveldealeuse.com\/wp-content\/uploads\/2023\/10\/A260B645-9A73-48D3-B27D-BE0ACE60B45D.png","width":500,"height":500,"caption":"Traveldealeuse"},"image":{"@id":"https:\/\/www.traveldealeuse.com\/#\/schema\/logo\/image\/"},"sameAs":["https:\/\/www.facebook.com\/profile.php?id=61550892795514","https:\/\/www.instagram.com\/traveldealeuse"]}]}},"uagb_featured_image_src":{"full":false,"thumbnail":false,"medium":false,"medium_large":false,"large":false,"1536x1536":false,"2048x2048":false,"trp-custom-language-flag":false},"uagb_author_info":{"display_name":"asobron","author_link":"https:\/\/www.traveldealeuse.com\/index.php\/author\/asobron\/"},"uagb_comment_info":0,"uagb_excerpt":"En quelques mots&#8230; Hola Hola! Moi c&rsquo;est Agurtzane, mais tout le monde m&rsquo;appelle Agur \ud83d\ude09 J&rsquo;ai 43 ans et je suis originaire du Pays Basque mais je vis en Suisse depuis presque 16 ans. Globe-trotteuse dans l&rsquo;\u00e2me (vous trouverez mon compte priv\u00e9 Instagram sous le nom de&nbsp;@mademoiselle_agur), j&rsquo;adore prendre le temps pour pr\u00e9parer mes voyages\u2026","jetpack_sharing_enabled":true,"_links":{"self":[{"href":"https:\/\/www.traveldealeuse.com\/index.php\/wp-json\/wp\/v2\/pages\/599","targetHints":{"allow":["GET"]}}],"collection":[{"href":"https:\/\/www.traveldealeuse.com\/index.php\/wp-json\/wp\/v2\/pages"}],"about":[{"href":"https:\/\/www.traveldealeuse.com\/index.php\/wp-json\/wp\/v2\/types\/page"}],"author":[{"embeddable":true,"href":"https:\/\/www.traveldealeuse.com\/index.php\/wp-json\/wp\/v2\/users\/1"}],"replies":[{"embeddable":true,"href":"https:\/\/www.traveldealeuse.com\/index.php\/wp-json\/wp\/v2\/comments?post=599"}],"version-history":[{"count":68,"href":"https:\/\/www.traveldealeuse.com\/index.php\/wp-json\/wp\/v2\/pages\/599\/revisions"}],"predecessor-version":[{"id":1292,"href":"https:\/\/www.traveldealeuse.com\/index.php\/wp-json\/wp\/v2\/pages\/599\/revisions\/1292"}],"wp:attachment":[{"href":"https:\/\/www.traveldealeuse.com\/index.php\/wp-json\/wp\/v2\/media?parent=599"}],"curies":[{"name":"wp","href":"https:\/\/api.w.org\/{rel}","templated":true}]}}